{"id":13548,"date":"2022-06-10T21:01:34","date_gmt":"2022-06-10T19:01:34","guid":{"rendered":"https:\/\/vogelschiss-gegen-hass.de\/?post_type=product&#038;p=13548"},"modified":"2022-06-10T21:46:34","modified_gmt":"2022-06-10T19:46:34","slug":"nisthaus-mit-futterstelle-lgbt","status":"publish","type":"product","link":"https:\/\/vogelschiss-gegen-hass.de\/?product=nisthaus-mit-futterstelle-lgbt","title":{"rendered":"Nisthaus mit Futterstelle LGBT"},"content":{"rendered":"<p>Unsere k\u00fcnstlerischen Nisth\u00e4user in den LGBT Farben Rot, Orange, Gelb, Gr\u00fcn, Blau, Lila&#8230;<\/p>\n<p>Zus\u00e4tzlich erhaltet Ihr eine Futterschale die das Angebot f\u00fcr die V\u00f6gel erg\u00e4nzt.<\/p>\n<p>Als Halterung dienen mitgelieferte Haken und Seile die Ihr auf den Fotos sehen k\u00f6nnt. Mit eurem Kauf f\u00f6rdert Ihr das Projekt Regenbogen Kaaba der PixelHELPER. Vom Geld werden Drachenstoffe gekauft um damit die 11 x 12 x 13 Meter hohe LGBT Variante der Kaaba zu bauen.<\/p>\n","protected":false},"excerpt":{"rendered":"<p>Unsere k\u00fcnstlerischen Nisth\u00e4user in den LGBT Farben Rot, Orange, Gelb, Gr\u00fcn, Blau, Lila&#8230; Zus\u00e4tzlich erhaltet Ihr eine Futterschale die das Angebot f\u00fcr die V\u00f6gel erg\u00e4nzt. Als Halterung dienen mitgelieferte Haken und Seile die Ihr auf den Fotos sehen k\u00f6nnt. Mit eurem Kauf f\u00f6rdert Ihr das Projekt Regenbogen Kaaba der PixelHELPER. Vom Geld werden Drachenstoffe gekauft &hellip; <\/p>\n<p class=\"link-more\"><a href=\"https:\/\/vogelschiss-gegen-hass.de\/?product=nisthaus-mit-futterstelle-lgbt\" class=\"more-link\"><\/a><\/p>\n","protected":false},"featured_media":13551,"comment_status":"closed","ping_status":"closed","template":"","meta":[],"product_cat":[15],"product_tag":[],"class_list":{"0":"post-13548","1":"product","2":"type-product","3":"status-publish","4":"has-post-thumbnail","6":"product_cat-unkategorisiert","8":"first","9":"instock","10":"taxable","11":"shipping-taxable","12":"purchasable","13":"product-type-simple"},"_links":{"self":[{"href":"https:\/\/vogelschiss-gegen-hass.de\/index.php?rest_route=\/wp\/v2\/product\/13548","targetHints":{"allow":["GET"]}}],"collection":[{"href":"https:\/\/vogelschiss-gegen-hass.de\/index.php?rest_route=\/wp\/v2\/product"}],"about":[{"href":"https:\/\/vogelschiss-gegen-hass.de\/index.php?rest_route=\/wp\/v2\/types\/product"}],"replies":[{"embeddable":true,"href":"https:\/\/vogelschiss-gegen-hass.de\/index.php?rest_route=%2Fwp%2Fv2%2Fcomments&post=13548"}],"wp:featuredmedia":[{"embeddable":true,"href":"https:\/\/vogelschiss-gegen-hass.de\/index.php?rest_route=\/wp\/v2\/media\/13551"}],"wp:attachment":[{"href":"https:\/\/vogelschiss-gegen-hass.de\/index.php?rest_route=%2Fwp%2Fv2%2Fmedia&parent=13548"}],"wp:term":[{"taxonomy":"product_cat","embeddable":true,"href":"https:\/\/vogelschiss-gegen-hass.de\/index.php?rest_route=%2Fwp%2Fv2%2Fproduct_cat&post=13548"},{"taxonomy":"product_tag","embeddable":true,"href":"https:\/\/vogelschiss-gegen-hass.de\/index.php?rest_route=%2Fwp%2Fv2%2Fproduct_tag&post=13548"}],"curies":[{"name":"wp","href":"https:\/\/api.w.org\/{rel}","templated":true}]}}