{"id":13531,"date":"2022-06-10T19:40:22","date_gmt":"2022-06-10T17:40:22","guid":{"rendered":"https:\/\/vogelschiss-gegen-hass.de\/?post_type=product&#038;p=13531"},"modified":"2025-05-20T07:06:47","modified_gmt":"2025-05-20T05:06:47","slug":"muellwagen-ladung-pferdemist","status":"publish","type":"product","link":"https:\/\/vogelschiss-gegen-hass.de\/?product=muellwagen-ladung-pferdemist","title":{"rendered":"M\u00fcllwagen Ladung Pferdemist"},"content":{"rendered":"<p>Deutschlandweite Lieferung vor das Grundst\u00fcck im 100 Kilo Bigpack zugeschn\u00fcrt mit einer roten Schleife.<\/p>\n","protected":false},"excerpt":{"rendered":"<p>Deutschlandweite Lieferung vor das Grundst\u00fcck im 100 Kilo Bigpack zugeschn\u00fcrt mit einer roten Schleife.<\/p>\n","protected":false},"featured_media":13534,"comment_status":"open","ping_status":"closed","template":"","meta":[],"product_cat":[15],"product_tag":[],"class_list":{"0":"post-13531","1":"product","2":"type-product","3":"status-publish","4":"has-post-thumbnail","6":"product_cat-unkategorisiert","8":"first","9":"instock","10":"taxable","11":"shipping-taxable","12":"purchasable","13":"product-type-simple"},"_links":{"self":[{"href":"https:\/\/vogelschiss-gegen-hass.de\/index.php?rest_route=\/wp\/v2\/product\/13531","targetHints":{"allow":["GET"]}}],"collection":[{"href":"https:\/\/vogelschiss-gegen-hass.de\/index.php?rest_route=\/wp\/v2\/product"}],"about":[{"href":"https:\/\/vogelschiss-gegen-hass.de\/index.php?rest_route=\/wp\/v2\/types\/product"}],"replies":[{"embeddable":true,"href":"https:\/\/vogelschiss-gegen-hass.de\/index.php?rest_route=%2Fwp%2Fv2%2Fcomments&post=13531"}],"wp:featuredmedia":[{"embeddable":true,"href":"https:\/\/vogelschiss-gegen-hass.de\/index.php?rest_route=\/wp\/v2\/media\/13534"}],"wp:attachment":[{"href":"https:\/\/vogelschiss-gegen-hass.de\/index.php?rest_route=%2Fwp%2Fv2%2Fmedia&parent=13531"}],"wp:term":[{"taxonomy":"product_cat","embeddable":true,"href":"https:\/\/vogelschiss-gegen-hass.de\/index.php?rest_route=%2Fwp%2Fv2%2Fproduct_cat&post=13531"},{"taxonomy":"product_tag","embeddable":true,"href":"https:\/\/vogelschiss-gegen-hass.de\/index.php?rest_route=%2Fwp%2Fv2%2Fproduct_tag&post=13531"}],"curies":[{"name":"wp","href":"https:\/\/api.w.org\/{rel}","templated":true}]}}