{"id":10388,"date":"2021-12-08T04:41:01","date_gmt":"2021-12-08T04:41:01","guid":{"rendered":"https:\/\/peto.themeftc.com\/?post_type=product&#038;p=10388"},"modified":"2022-06-12T15:55:19","modified_gmt":"2022-06-12T13:55:19","slug":"im-a-product-63","status":"publish","type":"product","link":"https:\/\/vogelschiss-gegen-hass.de\/?product=im-a-product-63","title":{"rendered":"Pferdemist"},"content":{"rendered":"<p>Bester Pferdemist aus Deutschland eignet sich perfekt als Naturd\u00fcnger f\u00fcr mittlere bis gro\u00dfe Zimmerpflanzen und zum verschenken an Personen die Hate Speech verbreiten und homophob sind. Versand inklusive<\/p>\n","protected":false},"excerpt":{"rendered":"<p>1 DHL &#8211; Gr\u00f6\u00dfe L Paket mit Pferdemist<\/p>\n","protected":false},"featured_media":13513,"comment_status":"closed","ping_status":"closed","template":"","meta":[],"product_cat":[15],"product_tag":[],"class_list":{"0":"post-10388","1":"product","2":"type-product","3":"status-publish","4":"has-post-thumbnail","6":"product_cat-unkategorisiert","8":"first","9":"instock","10":"featured","11":"taxable","12":"shipping-taxable","13":"purchasable","14":"product-type-simple"},"_links":{"self":[{"href":"https:\/\/vogelschiss-gegen-hass.de\/index.php?rest_route=\/wp\/v2\/product\/10388","targetHints":{"allow":["GET"]}}],"collection":[{"href":"https:\/\/vogelschiss-gegen-hass.de\/index.php?rest_route=\/wp\/v2\/product"}],"about":[{"href":"https:\/\/vogelschiss-gegen-hass.de\/index.php?rest_route=\/wp\/v2\/types\/product"}],"replies":[{"embeddable":true,"href":"https:\/\/vogelschiss-gegen-hass.de\/index.php?rest_route=%2Fwp%2Fv2%2Fcomments&post=10388"}],"wp:featuredmedia":[{"embeddable":true,"href":"https:\/\/vogelschiss-gegen-hass.de\/index.php?rest_route=\/wp\/v2\/media\/13513"}],"wp:attachment":[{"href":"https:\/\/vogelschiss-gegen-hass.de\/index.php?rest_route=%2Fwp%2Fv2%2Fmedia&parent=10388"}],"wp:term":[{"taxonomy":"product_cat","embeddable":true,"href":"https:\/\/vogelschiss-gegen-hass.de\/index.php?rest_route=%2Fwp%2Fv2%2Fproduct_cat&post=10388"},{"taxonomy":"product_tag","embeddable":true,"href":"https:\/\/vogelschiss-gegen-hass.de\/index.php?rest_route=%2Fwp%2Fv2%2Fproduct_tag&post=10388"}],"curies":[{"name":"wp","href":"https:\/\/api.w.org\/{rel}","templated":true}]}}